{"id":94,"date":"2020-08-21T11:27:36","date_gmt":"2020-08-21T09:27:36","guid":{"rendered":"https:\/\/test.fwb-borchen.de\/?page_id=94"},"modified":"2020-08-21T11:27:36","modified_gmt":"2020-08-21T09:27:36","slug":"ueber-uns","status":"publish","type":"page","link":"https:\/\/www.fwb-borchen.de\/?page_id=94","title":{"rendered":"\u00dcber uns"},"content":{"rendered":"\n<h2 class=\"has-white-color has-text-color has-background wp-block-heading\" style=\"background-color:#e84e0f\">Freie W\u00e4hlergemeinschaft Borchen<\/h2>\n\n\n\n<p>Dieser Text stammt aus den Anfangszeiten der FWB, den 80er Jahren. Auch heute, mehr als 25 Jahre sp\u00e4ter hat er nichts von seiner Bedeutung verloren. Manche Ziele sind erreicht, manches ist nach wie vor aktuell.\u00a0<\/p>\n\n\n\n<div class=\"wp-block-image\"><figure class=\"alignright size-large\"><img data-recalc-dims=\"1\" loading=\"lazy\" decoding=\"async\" width=\"417\" height=\"565\" src=\"https:\/\/i0.wp.com\/test.fwb-borchen.de\/wp-content\/uploads\/2020\/08\/353cd7adde.jpg?resize=417%2C565&#038;ssl=1\" alt=\"\" class=\"wp-image-95\" srcset=\"https:\/\/i0.wp.com\/www.fwb-borchen.de\/wp-content\/uploads\/2020\/08\/353cd7adde.jpg?w=417&amp;ssl=1 417w, https:\/\/i0.wp.com\/www.fwb-borchen.de\/wp-content\/uploads\/2020\/08\/353cd7adde.jpg?resize=221%2C300&amp;ssl=1 221w\" sizes=\"auto, (max-width: 417px) 100vw, 417px\" \/><\/figure><\/div>\n\n\n\n<div class=\"wp-block-group has-light-gray-background-color has-background\"><div class=\"wp-block-group__inner-container is-layout-flow wp-block-group-is-layout-flow\">\n<p><strong>Zum Selbstverst\u00e4ndnis der Freien W\u00e4hlergemeinschaft Borchen e.v.<\/strong><\/p>\n\n\n\n<p>Die Freie W\u00e4hlergemeinschaft Borchen (Frohe Weihnachten) sieht sich der Demokratie entsprechend dem Grundgesetz der Bundesrepublik Deutschland in seinem urspr\u00fcnglichen Sinn verpflichtet. Sie ist eine Gruppe politisch interessierter Frauen und M\u00e4nner, f\u00fcr die Demokratie mehr as Erf\u00fcllung staatsb\u00fcrgerlicher Pflichten bedeutet. <\/p>\n\n\n\n<p>Sie will in der Gemeinde Borchen die aktuellen und zuk\u00fcnftigen Lebensbedingungen initiativ mitgehalten. In den Ortsteiler unserer Gemeinde sind vielf\u00e4ltige Traditionen verhaltenswert, aber auch Verkrustungen vorhanden, mit denen sich die FWB nicht finden will. Au\u00dferdem soll nach ihrer Auffassung Kommunalpolitik nicht nur haupts\u00e4chlichen Aktionen auf \u00f6rtliche Strukturen (gesellschaftliche, soziale, wirtschaftliche use.) sein, sonder durch F\u00f6rderung der Durchschgaubarkeit der politischen Prozesse den B\u00fcrgern m\u00f6glichst fr\u00fch informieren und zur Mitwirkung anregen.<\/p>\n\n\n\n<p>Bereits im Vorfeld der Planungen wichtiger Projekte mu\u00df mehr \u00d6ffentlichkeit und Mitwirkung der B\u00fcrger erreicht werden. Deshalb will die FWB die B\u00fcrger verst\u00e4rkt f\u00fcr die Blanker ihrer Gemeinde interessieren uns sie zum Mitmachen motivieren. <\/p>\n\n\n\n<p>Die FWB fordert in diesem Sinne von der Gemeindevertretung (Rat\/Verwaltung) Unterst\u00fctzung. Dies kann Geschen durch <\/p>\n\n\n\n<ul class=\"wp-block-list\"><li>B\u00fcrgerversammlungen in den Ortsteilen<\/li><li>Anh\u00f6rung von sozialen und politischen Gruppen<\/li><li>positive Einstellung zu B\u00fcrgerantr\u00e4gen<\/li><li>Rederecht f\u00fcr Antragsteller<\/li><li>Verlegung von Ausschusssitzung in die Betroffenen Ortsteile<\/li><li>Herausgabe eines Gemeindeamtsblattes<\/li><li>Benennung von sachkundigen B\u00fcrgern f\u00fcr die Fachaussch\u00fcsse (durch betroffene Gruppen)<\/li><li>Berufung eines &#8222;B\u00fcrgeranwalts&#8220; (als unb\u00fcrokratisch arbeitende Anschlaufstelle in der Gemeindeverwaltung <\/li><\/ul>\n\n\n\n<p>Im Rat strebt die FWB Verh\u00e4ltnisse an, die wechselnde Mehrheiten f\u00fcr eine b\u00fcrgernahe und sachgerecht Politik erm\u00f6glichen und nicht immer einer einzigen Datei die Entscheidungsmacht \u00fcberlassen. Bei Abstimmung sollte die bessere Idee die Mehrheit unabh\u00e4ngig davon erhalten, welche Fraktion den Antrag gestellt hat. <\/p>\n\n\n\n<p>Die FWB ist eine freie W\u00e4hlergemeinschaft und in diesem Sinne mit voller Absicht keine Partei. Durch die Unabh\u00e4ngigkeit von parteipolitischen Vorstellungen und W\u00fcnschen ist es m\u00f6glich, da\u00df sie sich an erster Stelle mit den Angelegenheiten in der Gemeinde Borchen besch\u00e4ftigt. <\/p>\n\n\n\n<p>Nat\u00fcrlich arbeitet die FWB auch an Themen der Bundes- und Landespolitik, wenn diese Themen die B\u00fcrger unserer Gemeinde betreffen (z.B. Atomkraft).<\/p>\n<\/div><\/div>\n\n\n\n<p><\/p>\n","protected":false},"excerpt":{"rendered":"<p>Freie W\u00e4hlergemeinschaft Borchen Dieser Text stammt aus den Anfangszeiten der FWB, den 80er Jahren. Auch heute, mehr als 25 Jahre sp\u00e4ter hat er nichts von seiner Bedeutung verloren. Manche Ziele sind erreicht, manches ist nach wie vor aktuell.\u00a0 Zum Selbstverst\u00e4ndnis<\/p>\n","protected":false},"author":1,"featured_media":0,"parent":0,"menu_order":0,"comment_status":"closed","ping_status":"closed","template":"","meta":{"footnotes":""},"class_list":["post-94","page","type-page","status-publish","hentry","comments-off"],"yoast_head":"<!-- This site is optimized with the Yoast SEO plugin v27.4 - https:\/\/yoast.com\/product\/yoast-seo-wordpress\/ -->\n<title>\u00dcber uns - Weil wir Borchen lieben<\/title>\n<meta name=\"robots\" content=\"index, follow, max-snippet:-1, max-image-preview:large, max-video-preview:-1\" \/>\n<link rel=\"canonical\" href=\"https:\/\/www.fwb-borchen.de\/?page_id=94\" \/>\n<meta property=\"og:locale\" content=\"de_DE\" \/>\n<meta property=\"og:type\" content=\"article\" \/>\n<meta property=\"og:title\" content=\"\u00dcber uns - Weil wir Borchen lieben\" \/>\n<meta property=\"og:description\" content=\"Freie W\u00e4hlergemeinschaft Borchen Dieser Text stammt aus den Anfangszeiten der FWB, den 80er Jahren. Auch heute, mehr als 25 Jahre sp\u00e4ter hat er nichts von seiner Bedeutung verloren. Manche Ziele sind erreicht, manches ist nach wie vor aktuell.\u00a0 Zum Selbstverst\u00e4ndnis\" \/>\n<meta property=\"og:url\" content=\"https:\/\/www.fwb-borchen.de\/?page_id=94\" \/>\n<meta property=\"og:site_name\" content=\"Weil wir Borchen lieben\" \/>\n<meta property=\"article:publisher\" content=\"https:\/\/www.facebook.com\/fwbborchen\" \/>\n<meta property=\"og:image\" content=\"https:\/\/test.fwb-borchen.de\/wp-content\/uploads\/2020\/08\/353cd7adde.jpg\" \/>\n<meta name=\"twitter:card\" content=\"summary_large_image\" \/>\n<meta name=\"twitter:label1\" content=\"Gesch\u00e4tzte Lesezeit\" \/>\n\t<meta name=\"twitter:data1\" content=\"2\u00a0Minuten\" \/>\n<script type=\"application\/ld+json\" class=\"yoast-schema-graph\">{\"@context\":\"https:\\\/\\\/schema.org\",\"@graph\":[{\"@type\":\"WebPage\",\"@id\":\"https:\\\/\\\/www.fwb-borchen.de\\\/?page_id=94\",\"url\":\"https:\\\/\\\/www.fwb-borchen.de\\\/?page_id=94\",\"name\":\"\u00dcber uns - Weil wir Borchen lieben\",\"isPartOf\":{\"@id\":\"https:\\\/\\\/www.fwb-borchen.de\\\/#website\"},\"primaryImageOfPage\":{\"@id\":\"https:\\\/\\\/www.fwb-borchen.de\\\/?page_id=94#primaryimage\"},\"image\":{\"@id\":\"https:\\\/\\\/www.fwb-borchen.de\\\/?page_id=94#primaryimage\"},\"thumbnailUrl\":\"https:\\\/\\\/test.fwb-borchen.de\\\/wp-content\\\/uploads\\\/2020\\\/08\\\/353cd7adde.jpg\",\"datePublished\":\"2020-08-21T09:27:36+00:00\",\"breadcrumb\":{\"@id\":\"https:\\\/\\\/www.fwb-borchen.de\\\/?page_id=94#breadcrumb\"},\"inLanguage\":\"de\",\"potentialAction\":[{\"@type\":\"ReadAction\",\"target\":[\"https:\\\/\\\/www.fwb-borchen.de\\\/?page_id=94\"]}]},{\"@type\":\"ImageObject\",\"inLanguage\":\"de\",\"@id\":\"https:\\\/\\\/www.fwb-borchen.de\\\/?page_id=94#primaryimage\",\"url\":\"https:\\\/\\\/test.fwb-borchen.de\\\/wp-content\\\/uploads\\\/2020\\\/08\\\/353cd7adde.jpg\",\"contentUrl\":\"https:\\\/\\\/test.fwb-borchen.de\\\/wp-content\\\/uploads\\\/2020\\\/08\\\/353cd7adde.jpg\"},{\"@type\":\"BreadcrumbList\",\"@id\":\"https:\\\/\\\/www.fwb-borchen.de\\\/?page_id=94#breadcrumb\",\"itemListElement\":[{\"@type\":\"ListItem\",\"position\":1,\"name\":\"Startseite\",\"item\":\"https:\\\/\\\/www.fwb-borchen.de\\\/\"},{\"@type\":\"ListItem\",\"position\":2,\"name\":\"\u00dcber uns\"}]},{\"@type\":\"WebSite\",\"@id\":\"https:\\\/\\\/www.fwb-borchen.de\\\/#website\",\"url\":\"https:\\\/\\\/www.fwb-borchen.de\\\/\",\"name\":\"Weil wir Borchen lieben\",\"description\":\"\",\"publisher\":{\"@id\":\"https:\\\/\\\/www.fwb-borchen.de\\\/#organization\"},\"potentialAction\":[{\"@type\":\"SearchAction\",\"target\":{\"@type\":\"EntryPoint\",\"urlTemplate\":\"https:\\\/\\\/www.fwb-borchen.de\\\/?s={search_term_string}\"},\"query-input\":{\"@type\":\"PropertyValueSpecification\",\"valueRequired\":true,\"valueName\":\"search_term_string\"}}],\"inLanguage\":\"de\"},{\"@type\":\"Organization\",\"@id\":\"https:\\\/\\\/www.fwb-borchen.de\\\/#organization\",\"name\":\"Freie W\u00e4hlergemeinschaft Borchen e. V.\",\"url\":\"https:\\\/\\\/www.fwb-borchen.de\\\/\",\"logo\":{\"@type\":\"ImageObject\",\"inLanguage\":\"de\",\"@id\":\"https:\\\/\\\/www.fwb-borchen.de\\\/#\\\/schema\\\/logo\\\/image\\\/\",\"url\":\"https:\\\/\\\/i0.wp.com\\\/www.fwb-borchen.de\\\/wp-content\\\/uploads\\\/2020\\\/09\\\/2020_fwb_logo.jpg?fit=176%2C65&ssl=1\",\"contentUrl\":\"https:\\\/\\\/i0.wp.com\\\/www.fwb-borchen.de\\\/wp-content\\\/uploads\\\/2020\\\/09\\\/2020_fwb_logo.jpg?fit=176%2C65&ssl=1\",\"width\":176,\"height\":65,\"caption\":\"Freie W\u00e4hlergemeinschaft Borchen e. V.\"},\"image\":{\"@id\":\"https:\\\/\\\/www.fwb-borchen.de\\\/#\\\/schema\\\/logo\\\/image\\\/\"},\"sameAs\":[\"https:\\\/\\\/www.facebook.com\\\/fwbborchen\"]}]}<\/script>\n<!-- \/ Yoast SEO plugin. -->","yoast_head_json":{"title":"\u00dcber uns - Weil wir Borchen lieben","robots":{"index":"index","follow":"follow","max-snippet":"max-snippet:-1","max-image-preview":"max-image-preview:large","max-video-preview":"max-video-preview:-1"},"canonical":"https:\/\/www.fwb-borchen.de\/?page_id=94","og_locale":"de_DE","og_type":"article","og_title":"\u00dcber uns - Weil wir Borchen lieben","og_description":"Freie W\u00e4hlergemeinschaft Borchen Dieser Text stammt aus den Anfangszeiten der FWB, den 80er Jahren. Auch heute, mehr als 25 Jahre sp\u00e4ter hat er nichts von seiner Bedeutung verloren. Manche Ziele sind erreicht, manches ist nach wie vor aktuell.\u00a0 Zum Selbstverst\u00e4ndnis","og_url":"https:\/\/www.fwb-borchen.de\/?page_id=94","og_site_name":"Weil wir Borchen lieben","article_publisher":"https:\/\/www.facebook.com\/fwbborchen","og_image":[{"url":"https:\/\/test.fwb-borchen.de\/wp-content\/uploads\/2020\/08\/353cd7adde.jpg","type":"","width":"","height":""}],"twitter_card":"summary_large_image","twitter_misc":{"Gesch\u00e4tzte Lesezeit":"2\u00a0Minuten"},"schema":{"@context":"https:\/\/schema.org","@graph":[{"@type":"WebPage","@id":"https:\/\/www.fwb-borchen.de\/?page_id=94","url":"https:\/\/www.fwb-borchen.de\/?page_id=94","name":"\u00dcber uns - Weil wir Borchen lieben","isPartOf":{"@id":"https:\/\/www.fwb-borchen.de\/#website"},"primaryImageOfPage":{"@id":"https:\/\/www.fwb-borchen.de\/?page_id=94#primaryimage"},"image":{"@id":"https:\/\/www.fwb-borchen.de\/?page_id=94#primaryimage"},"thumbnailUrl":"https:\/\/test.fwb-borchen.de\/wp-content\/uploads\/2020\/08\/353cd7adde.jpg","datePublished":"2020-08-21T09:27:36+00:00","breadcrumb":{"@id":"https:\/\/www.fwb-borchen.de\/?page_id=94#breadcrumb"},"inLanguage":"de","potentialAction":[{"@type":"ReadAction","target":["https:\/\/www.fwb-borchen.de\/?page_id=94"]}]},{"@type":"ImageObject","inLanguage":"de","@id":"https:\/\/www.fwb-borchen.de\/?page_id=94#primaryimage","url":"https:\/\/test.fwb-borchen.de\/wp-content\/uploads\/2020\/08\/353cd7adde.jpg","contentUrl":"https:\/\/test.fwb-borchen.de\/wp-content\/uploads\/2020\/08\/353cd7adde.jpg"},{"@type":"BreadcrumbList","@id":"https:\/\/www.fwb-borchen.de\/?page_id=94#breadcrumb","itemListElement":[{"@type":"ListItem","position":1,"name":"Startseite","item":"https:\/\/www.fwb-borchen.de\/"},{"@type":"ListItem","position":2,"name":"\u00dcber uns"}]},{"@type":"WebSite","@id":"https:\/\/www.fwb-borchen.de\/#website","url":"https:\/\/www.fwb-borchen.de\/","name":"Weil wir Borchen lieben","description":"","publisher":{"@id":"https:\/\/www.fwb-borchen.de\/#organization"},"potentialAction":[{"@type":"SearchAction","target":{"@type":"EntryPoint","urlTemplate":"https:\/\/www.fwb-borchen.de\/?s={search_term_string}"},"query-input":{"@type":"PropertyValueSpecification","valueRequired":true,"valueName":"search_term_string"}}],"inLanguage":"de"},{"@type":"Organization","@id":"https:\/\/www.fwb-borchen.de\/#organization","name":"Freie W\u00e4hlergemeinschaft Borchen e. V.","url":"https:\/\/www.fwb-borchen.de\/","logo":{"@type":"ImageObject","inLanguage":"de","@id":"https:\/\/www.fwb-borchen.de\/#\/schema\/logo\/image\/","url":"https:\/\/i0.wp.com\/www.fwb-borchen.de\/wp-content\/uploads\/2020\/09\/2020_fwb_logo.jpg?fit=176%2C65&ssl=1","contentUrl":"https:\/\/i0.wp.com\/www.fwb-borchen.de\/wp-content\/uploads\/2020\/09\/2020_fwb_logo.jpg?fit=176%2C65&ssl=1","width":176,"height":65,"caption":"Freie W\u00e4hlergemeinschaft Borchen e. V."},"image":{"@id":"https:\/\/www.fwb-borchen.de\/#\/schema\/logo\/image\/"},"sameAs":["https:\/\/www.facebook.com\/fwbborchen"]}]}},"jetpack_sharing_enabled":true,"_links":{"self":[{"href":"https:\/\/www.fwb-borchen.de\/index.php?rest_route=\/wp\/v2\/pages\/94","targetHints":{"allow":["GET"]}}],"collection":[{"href":"https:\/\/www.fwb-borchen.de\/index.php?rest_route=\/wp\/v2\/pages"}],"about":[{"href":"https:\/\/www.fwb-borchen.de\/index.php?rest_route=\/wp\/v2\/types\/page"}],"author":[{"embeddable":true,"href":"https:\/\/www.fwb-borchen.de\/index.php?rest_route=\/wp\/v2\/users\/1"}],"replies":[{"embeddable":true,"href":"https:\/\/www.fwb-borchen.de\/index.php?rest_route=%2Fwp%2Fv2%2Fcomments&post=94"}],"version-history":[{"count":1,"href":"https:\/\/www.fwb-borchen.de\/index.php?rest_route=\/wp\/v2\/pages\/94\/revisions"}],"predecessor-version":[{"id":97,"href":"https:\/\/www.fwb-borchen.de\/index.php?rest_route=\/wp\/v2\/pages\/94\/revisions\/97"}],"wp:attachment":[{"href":"https:\/\/www.fwb-borchen.de\/index.php?rest_route=%2Fwp%2Fv2%2Fmedia&parent=94"}],"curies":[{"name":"wp","href":"https:\/\/api.w.org\/{rel}","templated":true}]}}