{"id":396,"date":"2024-02-04T16:09:49","date_gmt":"2024-02-04T15:09:49","guid":{"rendered":"https:\/\/www.fwb-borchen.de\/?page_id=396"},"modified":"2024-02-04T16:33:05","modified_gmt":"2024-02-04T15:33:05","slug":"mitmachen","status":"publish","type":"page","link":"https:\/\/www.fwb-borchen.de\/?page_id=396","title":{"rendered":"Mitmachen"},"content":{"rendered":"\n<p><strong>Wir freuen uns auf neue Unterst\u00fctzer*innen, Kritiker*innen und Gleichgesinnte<\/strong><\/p>\n\n\n\n<p>Politik lebt vom Mitmachen und den Menschen, die sich einbringen und zusammen Ideale verfolgen. Die Freie W\u00e4hlergemeinschaft ist fest mit Borchen verwurzelt. Uns gibt es nur in Borchen und wir bringen uns im Schwerpunkt f\u00fcr unsere Gemeinde ein. Wir sind unabh\u00e4ngig von allen Parteien und wollen Borchen noch ein bisschen besser und liebenswerter machen.<\/p>\n\n\n\n<p><strong>Borchen ist unser Programm<\/strong><\/p>\n\n\n\n<p>Unser politisches Engagement f\u00fcr Borchen kann nur gelingen, wenn unsere Ziele von den Menschen hier vor Ort anerkannt, hier erarbeitet und durch viele Meinungen mitgetragen werden. <\/p>\n\n\n\n<p>Wir freuen uns \u00fcber jede neue Unterst\u00fctzer*in, die mitmachen, diskutieren oder mit uns Themen voranbringen will. Lassen Sie uns gemeinsam an einer besseren und wertsch\u00e4tzenden Politik arbeiten. <\/p>\n\n\n\n<p><strong>Wir freuen uns auf Sie!<\/strong><\/p>\n\n\n\n<p>Wenn Sie gerne mal zu einem unserer Treffen kommen oder mehr Informationen wollen, k\u00f6nnen Sie uns gerne eine E-Mail an info@fwb-borchen.de senden oder uns unter 05251\/399695 erreichen.<\/p>\n\n\n\n<p>Kontaktformular<\/p>\n\n\n<div class=\"wp-block-jetpack-contact-form is-layout-flex wp-container-jetpack-contact-form-is-layout-026b38f8 wp-block-contact-form-is-layout-flex\"><a href=\"https:\/\/www.fwb-borchen.de\/?page_id=396\" target=\"_blank\" rel=\"noopener noreferrer\">Formular einreichen.<\/a><\/div>\n\n\n<p>Ihre Daten werden weder gespeichert, noch weitergegeben und nur dann verwendet, wenn Sie mit uns eine Kontaktaufnahme gew\u00fcnscht haben. Die Daten werden nicht weitergegeben und nach Ihrer Kontaktaufnahme gel\u00f6scht. Alles weitere finden Sie in unserer Datenschutzerkl\u00e4rung.<\/p>\n","protected":false},"excerpt":{"rendered":"<p>Wir freuen uns auf neue Unterst\u00fctzer*innen, Kritiker*innen und Gleichgesinnte Politik lebt vom Mitmachen und den Menschen, die sich einbringen und zusammen Ideale verfolgen. Die Freie W\u00e4hlergemeinschaft ist fest mit Borchen verwurzelt. Uns gibt es nur in Borchen und wir bringen<\/p>\n","protected":false},"author":1,"featured_media":0,"parent":0,"menu_order":0,"comment_status":"closed","ping_status":"closed","template":"","meta":{"footnotes":""},"class_list":["post-396","page","type-page","status-publish","hentry","comments-off"],"yoast_head":"<!-- This site is optimized with the Yoast SEO plugin v27.5 - https:\/\/yoast.com\/product\/yoast-seo-wordpress\/ -->\n<title>Mitmachen - Weil wir Borchen lieben<\/title>\n<meta name=\"robots\" content=\"index, follow, max-snippet:-1, max-image-preview:large, max-video-preview:-1\" \/>\n<link rel=\"canonical\" href=\"https:\/\/www.fwb-borchen.de\/?page_id=396\" \/>\n<meta property=\"og:locale\" content=\"de_DE\" \/>\n<meta property=\"og:type\" content=\"article\" \/>\n<meta property=\"og:title\" content=\"Mitmachen - Weil wir Borchen lieben\" \/>\n<meta property=\"og:description\" content=\"Wir freuen uns auf neue Unterst\u00fctzer*innen, Kritiker*innen und Gleichgesinnte Politik lebt vom Mitmachen und den Menschen, die sich einbringen und zusammen Ideale verfolgen. Die Freie W\u00e4hlergemeinschaft ist fest mit Borchen verwurzelt. Uns gibt es nur in Borchen und wir bringen\" \/>\n<meta property=\"og:url\" content=\"https:\/\/www.fwb-borchen.de\/?page_id=396\" \/>\n<meta property=\"og:site_name\" content=\"Weil wir Borchen lieben\" \/>\n<meta property=\"article:publisher\" content=\"https:\/\/www.facebook.com\/fwbborchen\" \/>\n<meta property=\"article:modified_time\" content=\"2024-02-04T15:33:05+00:00\" \/>\n<meta name=\"twitter:card\" content=\"summary_large_image\" \/>\n<meta name=\"twitter:label1\" content=\"Gesch\u00e4tzte Lesezeit\" \/>\n\t<meta name=\"twitter:data1\" content=\"2\u00a0Minuten\" \/>\n<script type=\"application\/ld+json\" class=\"yoast-schema-graph\">{\"@context\":\"https:\\\/\\\/schema.org\",\"@graph\":[{\"@type\":\"WebPage\",\"@id\":\"https:\\\/\\\/www.fwb-borchen.de\\\/?page_id=396\",\"url\":\"https:\\\/\\\/www.fwb-borchen.de\\\/?page_id=396\",\"name\":\"Mitmachen - Weil wir Borchen lieben\",\"isPartOf\":{\"@id\":\"https:\\\/\\\/www.fwb-borchen.de\\\/#website\"},\"datePublished\":\"2024-02-04T15:09:49+00:00\",\"dateModified\":\"2024-02-04T15:33:05+00:00\",\"breadcrumb\":{\"@id\":\"https:\\\/\\\/www.fwb-borchen.de\\\/?page_id=396#breadcrumb\"},\"inLanguage\":\"de\",\"potentialAction\":[{\"@type\":\"ReadAction\",\"target\":[\"https:\\\/\\\/www.fwb-borchen.de\\\/?page_id=396\"]}]},{\"@type\":\"BreadcrumbList\",\"@id\":\"https:\\\/\\\/www.fwb-borchen.de\\\/?page_id=396#breadcrumb\",\"itemListElement\":[{\"@type\":\"ListItem\",\"position\":1,\"name\":\"Startseite\",\"item\":\"https:\\\/\\\/www.fwb-borchen.de\\\/\"},{\"@type\":\"ListItem\",\"position\":2,\"name\":\"Mitmachen\"}]},{\"@type\":\"WebSite\",\"@id\":\"https:\\\/\\\/www.fwb-borchen.de\\\/#website\",\"url\":\"https:\\\/\\\/www.fwb-borchen.de\\\/\",\"name\":\"Weil wir Borchen lieben\",\"description\":\"\",\"publisher\":{\"@id\":\"https:\\\/\\\/www.fwb-borchen.de\\\/#organization\"},\"potentialAction\":[{\"@type\":\"SearchAction\",\"target\":{\"@type\":\"EntryPoint\",\"urlTemplate\":\"https:\\\/\\\/www.fwb-borchen.de\\\/?s={search_term_string}\"},\"query-input\":{\"@type\":\"PropertyValueSpecification\",\"valueRequired\":true,\"valueName\":\"search_term_string\"}}],\"inLanguage\":\"de\"},{\"@type\":\"Organization\",\"@id\":\"https:\\\/\\\/www.fwb-borchen.de\\\/#organization\",\"name\":\"Freie W\u00e4hlergemeinschaft Borchen e. V.\",\"url\":\"https:\\\/\\\/www.fwb-borchen.de\\\/\",\"logo\":{\"@type\":\"ImageObject\",\"inLanguage\":\"de\",\"@id\":\"https:\\\/\\\/www.fwb-borchen.de\\\/#\\\/schema\\\/logo\\\/image\\\/\",\"url\":\"https:\\\/\\\/i0.wp.com\\\/www.fwb-borchen.de\\\/wp-content\\\/uploads\\\/2020\\\/09\\\/2020_fwb_logo.jpg?fit=176%2C65&ssl=1\",\"contentUrl\":\"https:\\\/\\\/i0.wp.com\\\/www.fwb-borchen.de\\\/wp-content\\\/uploads\\\/2020\\\/09\\\/2020_fwb_logo.jpg?fit=176%2C65&ssl=1\",\"width\":176,\"height\":65,\"caption\":\"Freie W\u00e4hlergemeinschaft Borchen e. V.\"},\"image\":{\"@id\":\"https:\\\/\\\/www.fwb-borchen.de\\\/#\\\/schema\\\/logo\\\/image\\\/\"},\"sameAs\":[\"https:\\\/\\\/www.facebook.com\\\/fwbborchen\"]}]}<\/script>\n<!-- \/ Yoast SEO plugin. -->","yoast_head_json":{"title":"Mitmachen - Weil wir Borchen lieben","robots":{"index":"index","follow":"follow","max-snippet":"max-snippet:-1","max-image-preview":"max-image-preview:large","max-video-preview":"max-video-preview:-1"},"canonical":"https:\/\/www.fwb-borchen.de\/?page_id=396","og_locale":"de_DE","og_type":"article","og_title":"Mitmachen - Weil wir Borchen lieben","og_description":"Wir freuen uns auf neue Unterst\u00fctzer*innen, Kritiker*innen und Gleichgesinnte Politik lebt vom Mitmachen und den Menschen, die sich einbringen und zusammen Ideale verfolgen. Die Freie W\u00e4hlergemeinschaft ist fest mit Borchen verwurzelt. Uns gibt es nur in Borchen und wir bringen","og_url":"https:\/\/www.fwb-borchen.de\/?page_id=396","og_site_name":"Weil wir Borchen lieben","article_publisher":"https:\/\/www.facebook.com\/fwbborchen","article_modified_time":"2024-02-04T15:33:05+00:00","twitter_card":"summary_large_image","twitter_misc":{"Gesch\u00e4tzte Lesezeit":"2\u00a0Minuten"},"schema":{"@context":"https:\/\/schema.org","@graph":[{"@type":"WebPage","@id":"https:\/\/www.fwb-borchen.de\/?page_id=396","url":"https:\/\/www.fwb-borchen.de\/?page_id=396","name":"Mitmachen - Weil wir Borchen lieben","isPartOf":{"@id":"https:\/\/www.fwb-borchen.de\/#website"},"datePublished":"2024-02-04T15:09:49+00:00","dateModified":"2024-02-04T15:33:05+00:00","breadcrumb":{"@id":"https:\/\/www.fwb-borchen.de\/?page_id=396#breadcrumb"},"inLanguage":"de","potentialAction":[{"@type":"ReadAction","target":["https:\/\/www.fwb-borchen.de\/?page_id=396"]}]},{"@type":"BreadcrumbList","@id":"https:\/\/www.fwb-borchen.de\/?page_id=396#breadcrumb","itemListElement":[{"@type":"ListItem","position":1,"name":"Startseite","item":"https:\/\/www.fwb-borchen.de\/"},{"@type":"ListItem","position":2,"name":"Mitmachen"}]},{"@type":"WebSite","@id":"https:\/\/www.fwb-borchen.de\/#website","url":"https:\/\/www.fwb-borchen.de\/","name":"Weil wir Borchen lieben","description":"","publisher":{"@id":"https:\/\/www.fwb-borchen.de\/#organization"},"potentialAction":[{"@type":"SearchAction","target":{"@type":"EntryPoint","urlTemplate":"https:\/\/www.fwb-borchen.de\/?s={search_term_string}"},"query-input":{"@type":"PropertyValueSpecification","valueRequired":true,"valueName":"search_term_string"}}],"inLanguage":"de"},{"@type":"Organization","@id":"https:\/\/www.fwb-borchen.de\/#organization","name":"Freie W\u00e4hlergemeinschaft Borchen e. V.","url":"https:\/\/www.fwb-borchen.de\/","logo":{"@type":"ImageObject","inLanguage":"de","@id":"https:\/\/www.fwb-borchen.de\/#\/schema\/logo\/image\/","url":"https:\/\/i0.wp.com\/www.fwb-borchen.de\/wp-content\/uploads\/2020\/09\/2020_fwb_logo.jpg?fit=176%2C65&ssl=1","contentUrl":"https:\/\/i0.wp.com\/www.fwb-borchen.de\/wp-content\/uploads\/2020\/09\/2020_fwb_logo.jpg?fit=176%2C65&ssl=1","width":176,"height":65,"caption":"Freie W\u00e4hlergemeinschaft Borchen e. V."},"image":{"@id":"https:\/\/www.fwb-borchen.de\/#\/schema\/logo\/image\/"},"sameAs":["https:\/\/www.facebook.com\/fwbborchen"]}]}},"jetpack_sharing_enabled":true,"_links":{"self":[{"href":"https:\/\/www.fwb-borchen.de\/index.php?rest_route=\/wp\/v2\/pages\/396","targetHints":{"allow":["GET"]}}],"collection":[{"href":"https:\/\/www.fwb-borchen.de\/index.php?rest_route=\/wp\/v2\/pages"}],"about":[{"href":"https:\/\/www.fwb-borchen.de\/index.php?rest_route=\/wp\/v2\/types\/page"}],"author":[{"embeddable":true,"href":"https:\/\/www.fwb-borchen.de\/index.php?rest_route=\/wp\/v2\/users\/1"}],"replies":[{"embeddable":true,"href":"https:\/\/www.fwb-borchen.de\/index.php?rest_route=%2Fwp%2Fv2%2Fcomments&post=396"}],"version-history":[{"count":9,"href":"https:\/\/www.fwb-borchen.de\/index.php?rest_route=\/wp\/v2\/pages\/396\/revisions"}],"predecessor-version":[{"id":408,"href":"https:\/\/www.fwb-borchen.de\/index.php?rest_route=\/wp\/v2\/pages\/396\/revisions\/408"}],"wp:attachment":[{"href":"https:\/\/www.fwb-borchen.de\/index.php?rest_route=%2Fwp%2Fv2%2Fmedia&parent=396"}],"curies":[{"name":"wp","href":"https:\/\/api.w.org\/{rel}","templated":true}]}}