{"id":2,"date":"2020-08-11T21:30:06","date_gmt":"2020-08-11T19:30:06","guid":{"rendered":"https:\/\/test.fwb-borchen.de\/?page_id=2"},"modified":"2020-08-15T10:51:50","modified_gmt":"2020-08-15T08:51:50","slug":"beispiel-seite","status":"publish","type":"page","link":"https:\/\/www.fwb-borchen.de\/?page_id=2","title":{"rendered":"Unser Programm"},"content":{"rendered":"\n<h2 class=\"wp-block-heading\"><strong>Mit Herz und Verstand f\u00fcr Borchen<\/strong><\/h2>\n\n\n\n<p>Die Freie W\u00e4hlergemeinschaft Borchen (FWB) bringt&nbsp;sich seit \u00fcber 30 Jahren aktiv in die Politik Borchens ein. Wir machen Politik gezielt f\u00fcr unseren Ort und&nbsp;unsere Heimat, eben weil wir von landes- sowie bundesinteressen frei sein wollen.<\/p>\n\n\n\n<p>Diese Entscheidungsfreiheit ist unser wichtigstes Gut, um Politik im und am Ort zu machen, auf Bed\u00fcrfnisse einzugehen und Themen zu bearbeiten, die f\u00fcr unser Borchen bedeutungsvoll sind.<\/p>\n\n\n\n<h2 class=\"wp-block-heading\"><strong>Unser Programm f\u00fcr Borchen<\/strong><\/h2>\n\n\n\n<p>Bereits zum vierten Mal pr\u00e4sentieren wir Ihnen mit&nbsp;unserer 20-seitigen Brosch\u00fcre das wohl umfassendste<\/p>\n\n\n\n<p>Programm f\u00fcr Borchen, dass es so detailliert nur von der FWB gibt. Klar beschrieben, nachvollzieh- bar und transparent finden Sie auf den kommenden Seiten die Themen, die uns am Herzen liegen, klare Ziele und viel mehr als die sonst politisch weit ver- breiteten Allgemeinpl\u00e4tze.<\/p>\n\n\n\n<p>Nicht alles wird immer auf Zustimmung treffen, vielleicht zur Diskussion anregen, doch wir sind \u00fcber- zeugt, dass unsere Ziele, Ideen und Forderungen zu einem besseren Borchen beitragen werden.<\/p>\n\n\n\n<p>Mit Ihrer Stimme geben Sie uns bei der Kommunal- wahl am 13. September die Kraft, diese Ziele zu ver- wirklichen und weiter zu bearbeiten.<\/p>\n\n\n\n<h2 class=\"wp-block-heading\">Unser Selbstverst\u00e4ndnis<\/h2>\n\n\n\n<p>Unsere Politik orientiert sich an diesen Werten:\u00a0<\/p>\n\n\n\n<h3 class=\"wp-block-heading\"><strong>Wir wollen politisches Handeln erm\u00f6glichen<\/strong><\/h3>\n\n\n\n<p>Wir wollen Rahmenbedingungen schaffen, in denen sich jeder in die Gestaltung unserer Gesellschaft, unserer Umwelt und in die Strukturen unserer Orte einbringen kann. Dies erfordert eine offene Kommu- nikation zwischen den B\u00fcrgerInnen und ihren Ver- treterInnen, dem Rat und der Gemeinde.<\/p>\n\n\n\n<p>Politik in diesem Sinne findet nicht nur in den poli\u00ad&nbsp;tischen Gremien statt, sondern bezieht auch das Ehrenamt, die Zivilcourage, das Konsumverhalten und B\u00fcrgerinitiativen mit ein.<\/p>\n\n\n\n<p>Wir w\u00fcnschen uns einen offenen, lebendigen und konstruktiven Austausch:<\/p>\n\n\n\n<ul class=\"wp-block-list\"><li>sowohl f\u00fcr konkrete Ziele, die in Borchen umge- setzt werden k\u00f6nnen,<\/li><li>als auch f\u00fcr den Austausch \u00fcber unsere Werte, unsere wirtschaftliche und soziale Ordnung und unsere kulturelle Identit\u00e4t,<\/li><li>sowohl hier vor Ort f\u00fcr die Gestaltung unserer\u00a0Umwelt als auch \u00fcber\u00f6rtlich, da wir gelernt haben,\u00a0dass die \u201eGlobalisierung\u201c auch ein lokales Thema\u00a0ist und uns viele globale Themen lokal angehen.<\/li><\/ul>\n\n\n\n<h3 class=\"wp-block-heading\"><strong>Wir stehen f\u00fcr ein offenes, tolerantes Borchen.<\/strong><\/h3>\n\n\n\n<p>Borchen ist attraktiv und unsere Heimat. Wir wollen, dass sich auch Zugezogene jeder Herkunft wohl-<\/p>\n\n\n\n<p>f\u00fchlen. Wir sehen eine Chance darin, dass Altein- gesessene und Neub\u00fcrgerInnen voneinander lernen und gemeinsam profitieren.<\/p>\n\n\n\n<p>Wir freuen uns, dass unsere Gesellschaft aus Alten und Jungen, Frauen und M\u00e4nnern, Kindern, Zuge- zogenen und Einheimischen besteht. Wir arbeiten daran, aus den vielen M\u00f6glichkeiten dieser vielf\u00e4l- tigen Gesellschaft ein lebendiges Ganzes entstehen zu lassen.<\/p>\n\n\n\n<h3 class=\"wp-block-heading\"><strong>Wir wollen ein lebenswertes Borchen.<\/strong><\/h3>\n\n\n\n<p>Borchen ist der gew\u00e4hlte Lebensmittelpunkt. Darum ist es wichtig, unser Umfeld lebenswert zu machen. Dazu geh\u00f6ren die F\u00f6rderung unserer wertvollen Le- bensgrundlagen, unseres Wohnumfeldes, der Kultur und der Erhalt unseres Wohlbefindens.<\/p>\n\n\n\n<h3 class=\"wp-block-heading\"><strong>Wir wollen ein nachhaltiges Borchen.<\/strong><\/h3>\n\n\n\n<p>Die Energiewende ist in vollem Lauf. Wir erleben viele Ver\u00e4nderungen und ben\u00f6tigen eine Konsum- wende. Der Begriff der Nachhaltigkeit ist zwar<br>zu einem etablierten Modewort geworden, doch dahinter verbirgt sich ein sehr altes Wissen und Prinzip: Verbrauche nicht mehr Ressourcen als diese nat\u00fcrlich nachwachsen k\u00f6nnen.<\/p>\n\n\n\n<p>Nein, es sind nicht nur \u201edie da oben\u201c, die hier ver- antwortlich sind, und nein, wir sind diesen Struktu- ren nicht hilflos ausgeliefert. Nachhaltigkeit braucht politische Steuerung, aber auch Bildungsm\u00f6glich- keiten, Wahlm\u00f6glichkeiten, umwelt- und sozial- vertragliche Konsumangebote, offen zug\u00e4ngliche Informationen und ein ganzheitliches Verst\u00e4ndnis der Menschen.<\/p>\n\n\n\n<h3 class=\"wp-block-heading\"><strong>Wir wollen ein fortschrittliches Borchen.<\/strong><\/h3>\n\n\n\n<p>Die Tradition und gemeinsame Vergangenheit formt unsere Identit\u00e4t. Aber es braucht auch Raum zur Entwicklung und f\u00fcr Ideen. Borchen ist in seinen urspr\u00fcnglichen Strukturen gepr\u00e4gt durch Landwirt- schaft. Die Ansiedlung vieler handwerklich oder aka- demisch gut ausgebildeter Menschen f\u00fcgt dem Bild der Gemeinde wertvolle Facetten hinzu: Wissen aus dem Bereich IT, Energieversorgung, dem Handwerk, der Gesundheitsvorsorge, Kunst, Kultur und wissen- schaftliche Sichtweisen auf die Welt und unsere Heimat. Die FWB begr\u00fc\u00dft diese Bereicherung und m\u00f6chte den organischen Wandel f\u00f6rdern.<\/p>\n\n\n\n<p>Im Rat streben wir Verh\u00e4ltnisse an, die wechselnde Mehrheiten erm\u00f6glichen. Bei Abstimmungen soll die bessere Idee die Mehrheit erhalten. Und dies un- abh\u00e4ngig davon, von wem die Anregung erarbeitet und eingebracht wurde.<\/p>\n\n\n\n<h3 class=\"wp-block-heading\"><strong>Wir stehen f\u00fcr ein konstruktives Borchen.<\/strong><\/h3>\n\n\n\n<p>Die folgenden Seiten enthalten unsere Vorschl\u00e4ge, Ideen und Visionen, mit denen wir uns f\u00fcr Borchen engagieren wollen.<\/p>\n\n\n\n<p>Wir freuen uns auf Anregungen zu unserem Arbeitsprogramm, \u00fcber jeden Unterst\u00fctzer und konstruktive Kritik bei der Umsetzung unserer Ziele.<\/p>\n\n\n\n<p><strong>Denn: Politik lebt vom Mitmachen.<\/strong><\/p>\n","protected":false},"excerpt":{"rendered":"<p>Mit Herz und Verstand f\u00fcr Borchen Die Freie W\u00e4hlergemeinschaft Borchen (FWB) bringt&nbsp;sich seit \u00fcber 30 Jahren aktiv in die Politik Borchens ein. Wir machen Politik gezielt f\u00fcr unseren Ort und&nbsp;unsere Heimat, eben weil wir von landes- sowie bundesinteressen frei sein<\/p>\n","protected":false},"author":1,"featured_media":0,"parent":0,"menu_order":0,"comment_status":"closed","ping_status":"open","template":"","meta":{"footnotes":""},"class_list":["post-2","page","type-page","status-publish","hentry","comments-off"],"yoast_head":"<!-- This site is optimized with the Yoast SEO plugin v27.4 - https:\/\/yoast.com\/product\/yoast-seo-wordpress\/ -->\n<title>Unser Programm - Weil wir Borchen lieben<\/title>\n<meta name=\"robots\" content=\"index, follow, max-snippet:-1, max-image-preview:large, max-video-preview:-1\" \/>\n<link rel=\"canonical\" href=\"https:\/\/www.fwb-borchen.de\/?page_id=2\" \/>\n<meta property=\"og:locale\" content=\"de_DE\" \/>\n<meta property=\"og:type\" content=\"article\" \/>\n<meta property=\"og:title\" content=\"Unser Programm - Weil wir Borchen lieben\" \/>\n<meta property=\"og:description\" content=\"Mit Herz und Verstand f\u00fcr Borchen Die Freie W\u00e4hlergemeinschaft Borchen (FWB) bringt&nbsp;sich seit \u00fcber 30 Jahren aktiv in die Politik Borchens ein. Wir machen Politik gezielt f\u00fcr unseren Ort und&nbsp;unsere Heimat, eben weil wir von landes- sowie bundesinteressen frei sein\" \/>\n<meta property=\"og:url\" content=\"https:\/\/www.fwb-borchen.de\/?page_id=2\" \/>\n<meta property=\"og:site_name\" content=\"Weil wir Borchen lieben\" \/>\n<meta property=\"article:publisher\" content=\"https:\/\/www.facebook.com\/fwbborchen\" \/>\n<meta property=\"article:modified_time\" content=\"2020-08-15T08:51:50+00:00\" \/>\n<meta name=\"twitter:card\" content=\"summary_large_image\" \/>\n<meta name=\"twitter:label1\" content=\"Gesch\u00e4tzte Lesezeit\" \/>\n\t<meta name=\"twitter:data1\" content=\"4\u00a0Minuten\" \/>\n<script type=\"application\/ld+json\" class=\"yoast-schema-graph\">{\"@context\":\"https:\\\/\\\/schema.org\",\"@graph\":[{\"@type\":\"WebPage\",\"@id\":\"https:\\\/\\\/www.fwb-borchen.de\\\/?page_id=2\",\"url\":\"https:\\\/\\\/www.fwb-borchen.de\\\/?page_id=2\",\"name\":\"Unser Programm - Weil wir Borchen lieben\",\"isPartOf\":{\"@id\":\"https:\\\/\\\/www.fwb-borchen.de\\\/#website\"},\"datePublished\":\"2020-08-11T19:30:06+00:00\",\"dateModified\":\"2020-08-15T08:51:50+00:00\",\"breadcrumb\":{\"@id\":\"https:\\\/\\\/www.fwb-borchen.de\\\/?page_id=2#breadcrumb\"},\"inLanguage\":\"de\",\"potentialAction\":[{\"@type\":\"ReadAction\",\"target\":[\"https:\\\/\\\/www.fwb-borchen.de\\\/?page_id=2\"]}]},{\"@type\":\"BreadcrumbList\",\"@id\":\"https:\\\/\\\/www.fwb-borchen.de\\\/?page_id=2#breadcrumb\",\"itemListElement\":[{\"@type\":\"ListItem\",\"position\":1,\"name\":\"Startseite\",\"item\":\"https:\\\/\\\/www.fwb-borchen.de\\\/\"},{\"@type\":\"ListItem\",\"position\":2,\"name\":\"Unser Programm\"}]},{\"@type\":\"WebSite\",\"@id\":\"https:\\\/\\\/www.fwb-borchen.de\\\/#website\",\"url\":\"https:\\\/\\\/www.fwb-borchen.de\\\/\",\"name\":\"Weil wir Borchen lieben\",\"description\":\"\",\"publisher\":{\"@id\":\"https:\\\/\\\/www.fwb-borchen.de\\\/#organization\"},\"potentialAction\":[{\"@type\":\"SearchAction\",\"target\":{\"@type\":\"EntryPoint\",\"urlTemplate\":\"https:\\\/\\\/www.fwb-borchen.de\\\/?s={search_term_string}\"},\"query-input\":{\"@type\":\"PropertyValueSpecification\",\"valueRequired\":true,\"valueName\":\"search_term_string\"}}],\"inLanguage\":\"de\"},{\"@type\":\"Organization\",\"@id\":\"https:\\\/\\\/www.fwb-borchen.de\\\/#organization\",\"name\":\"Freie W\u00e4hlergemeinschaft Borchen e. V.\",\"url\":\"https:\\\/\\\/www.fwb-borchen.de\\\/\",\"logo\":{\"@type\":\"ImageObject\",\"inLanguage\":\"de\",\"@id\":\"https:\\\/\\\/www.fwb-borchen.de\\\/#\\\/schema\\\/logo\\\/image\\\/\",\"url\":\"https:\\\/\\\/i0.wp.com\\\/www.fwb-borchen.de\\\/wp-content\\\/uploads\\\/2020\\\/09\\\/2020_fwb_logo.jpg?fit=176%2C65&ssl=1\",\"contentUrl\":\"https:\\\/\\\/i0.wp.com\\\/www.fwb-borchen.de\\\/wp-content\\\/uploads\\\/2020\\\/09\\\/2020_fwb_logo.jpg?fit=176%2C65&ssl=1\",\"width\":176,\"height\":65,\"caption\":\"Freie W\u00e4hlergemeinschaft Borchen e. V.\"},\"image\":{\"@id\":\"https:\\\/\\\/www.fwb-borchen.de\\\/#\\\/schema\\\/logo\\\/image\\\/\"},\"sameAs\":[\"https:\\\/\\\/www.facebook.com\\\/fwbborchen\"]}]}<\/script>\n<!-- \/ Yoast SEO plugin. -->","yoast_head_json":{"title":"Unser Programm - Weil wir Borchen lieben","robots":{"index":"index","follow":"follow","max-snippet":"max-snippet:-1","max-image-preview":"max-image-preview:large","max-video-preview":"max-video-preview:-1"},"canonical":"https:\/\/www.fwb-borchen.de\/?page_id=2","og_locale":"de_DE","og_type":"article","og_title":"Unser Programm - Weil wir Borchen lieben","og_description":"Mit Herz und Verstand f\u00fcr Borchen Die Freie W\u00e4hlergemeinschaft Borchen (FWB) bringt&nbsp;sich seit \u00fcber 30 Jahren aktiv in die Politik Borchens ein. Wir machen Politik gezielt f\u00fcr unseren Ort und&nbsp;unsere Heimat, eben weil wir von landes- sowie bundesinteressen frei sein","og_url":"https:\/\/www.fwb-borchen.de\/?page_id=2","og_site_name":"Weil wir Borchen lieben","article_publisher":"https:\/\/www.facebook.com\/fwbborchen","article_modified_time":"2020-08-15T08:51:50+00:00","twitter_card":"summary_large_image","twitter_misc":{"Gesch\u00e4tzte Lesezeit":"4\u00a0Minuten"},"schema":{"@context":"https:\/\/schema.org","@graph":[{"@type":"WebPage","@id":"https:\/\/www.fwb-borchen.de\/?page_id=2","url":"https:\/\/www.fwb-borchen.de\/?page_id=2","name":"Unser Programm - Weil wir Borchen lieben","isPartOf":{"@id":"https:\/\/www.fwb-borchen.de\/#website"},"datePublished":"2020-08-11T19:30:06+00:00","dateModified":"2020-08-15T08:51:50+00:00","breadcrumb":{"@id":"https:\/\/www.fwb-borchen.de\/?page_id=2#breadcrumb"},"inLanguage":"de","potentialAction":[{"@type":"ReadAction","target":["https:\/\/www.fwb-borchen.de\/?page_id=2"]}]},{"@type":"BreadcrumbList","@id":"https:\/\/www.fwb-borchen.de\/?page_id=2#breadcrumb","itemListElement":[{"@type":"ListItem","position":1,"name":"Startseite","item":"https:\/\/www.fwb-borchen.de\/"},{"@type":"ListItem","position":2,"name":"Unser Programm"}]},{"@type":"WebSite","@id":"https:\/\/www.fwb-borchen.de\/#website","url":"https:\/\/www.fwb-borchen.de\/","name":"Weil wir Borchen lieben","description":"","publisher":{"@id":"https:\/\/www.fwb-borchen.de\/#organization"},"potentialAction":[{"@type":"SearchAction","target":{"@type":"EntryPoint","urlTemplate":"https:\/\/www.fwb-borchen.de\/?s={search_term_string}"},"query-input":{"@type":"PropertyValueSpecification","valueRequired":true,"valueName":"search_term_string"}}],"inLanguage":"de"},{"@type":"Organization","@id":"https:\/\/www.fwb-borchen.de\/#organization","name":"Freie W\u00e4hlergemeinschaft Borchen e. V.","url":"https:\/\/www.fwb-borchen.de\/","logo":{"@type":"ImageObject","inLanguage":"de","@id":"https:\/\/www.fwb-borchen.de\/#\/schema\/logo\/image\/","url":"https:\/\/i0.wp.com\/www.fwb-borchen.de\/wp-content\/uploads\/2020\/09\/2020_fwb_logo.jpg?fit=176%2C65&ssl=1","contentUrl":"https:\/\/i0.wp.com\/www.fwb-borchen.de\/wp-content\/uploads\/2020\/09\/2020_fwb_logo.jpg?fit=176%2C65&ssl=1","width":176,"height":65,"caption":"Freie W\u00e4hlergemeinschaft Borchen e. V."},"image":{"@id":"https:\/\/www.fwb-borchen.de\/#\/schema\/logo\/image\/"},"sameAs":["https:\/\/www.facebook.com\/fwbborchen"]}]}},"jetpack_sharing_enabled":true,"_links":{"self":[{"href":"https:\/\/www.fwb-borchen.de\/index.php?rest_route=\/wp\/v2\/pages\/2","targetHints":{"allow":["GET"]}}],"collection":[{"href":"https:\/\/www.fwb-borchen.de\/index.php?rest_route=\/wp\/v2\/pages"}],"about":[{"href":"https:\/\/www.fwb-borchen.de\/index.php?rest_route=\/wp\/v2\/types\/page"}],"author":[{"embeddable":true,"href":"https:\/\/www.fwb-borchen.de\/index.php?rest_route=\/wp\/v2\/users\/1"}],"replies":[{"embeddable":true,"href":"https:\/\/www.fwb-borchen.de\/index.php?rest_route=%2Fwp%2Fv2%2Fcomments&post=2"}],"version-history":[{"count":3,"href":"https:\/\/www.fwb-borchen.de\/index.php?rest_route=\/wp\/v2\/pages\/2\/revisions"}],"predecessor-version":[{"id":53,"href":"https:\/\/www.fwb-borchen.de\/index.php?rest_route=\/wp\/v2\/pages\/2\/revisions\/53"}],"wp:attachment":[{"href":"https:\/\/www.fwb-borchen.de\/index.php?rest_route=%2Fwp%2Fv2%2Fmedia&parent=2"}],"curies":[{"name":"wp","href":"https:\/\/api.w.org\/{rel}","templated":true}]}}